{"id":63,"date":"2020-01-21T11:52:37","date_gmt":"2020-01-21T10:52:37","guid":{"rendered":"http:\/\/01renovation.fr\/?page_id=63"},"modified":"2020-01-21T11:52:37","modified_gmt":"2020-01-21T10:52:37","slug":"fenetres-pvc","status":"publish","type":"page","link":"http:\/\/01renovation.com\/?page_id=63","title":{"rendered":"FEN\u00caTRES PVC"},"content":{"rendered":"\n<figure class=\"wp-block-gallery aligncenter columns-3 is-cropped wp-block-gallery-1 is-layout-flex wp-block-gallery-is-layout-flex\"><ul class=\"blocks-gallery-grid\"><li class=\"blocks-gallery-item\"><figure><img decoding=\"async\" src=\"http:\/\/01renovation.fr\/wp-content\/uploads\/2020\/01\/L1130885-1024x768.jpg\" alt=\"\" data-id=\"64\" class=\"wp-image-64\"\/><\/figure><\/li><li class=\"blocks-gallery-item\"><figure><img loading=\"lazy\" decoding=\"async\" width=\"520\" height=\"520\" src=\"http:\/\/01renovation.com\/wp-content\/uploads\/2020\/01\/Fenetre-iglo-light-1.png\" alt=\"\" data-id=\"77\" data-link=\"http:\/\/01renovation.fr\/?attachment_id=77#main\" class=\"wp-image-77\" srcset=\"http:\/\/01renovation.com\/wp-content\/uploads\/2020\/01\/Fenetre-iglo-light-1.png 520w, http:\/\/01renovation.com\/wp-content\/uploads\/2020\/01\/Fenetre-iglo-light-1-300x300.png 300w, http:\/\/01renovation.com\/wp-content\/uploads\/2020\/01\/Fenetre-iglo-light-1-150x150.png 150w\" sizes=\"auto, (max-width: 520px) 100vw, 520px\" \/><figcaption class=\"blocks-gallery-item__caption\">IGLO light<\/figcaption><\/figure><\/li><li class=\"blocks-gallery-item\"><figure><img loading=\"lazy\" decoding=\"async\" width=\"520\" height=\"520\" src=\"http:\/\/01renovation.com\/wp-content\/uploads\/2020\/01\/Fenetre-iglo-energy-classic-2.png\" alt=\"\" data-id=\"78\" data-link=\"http:\/\/01renovation.fr\/?attachment_id=78#main\" class=\"wp-image-78\" srcset=\"http:\/\/01renovation.com\/wp-content\/uploads\/2020\/01\/Fenetre-iglo-energy-classic-2.png 520w, http:\/\/01renovation.com\/wp-content\/uploads\/2020\/01\/Fenetre-iglo-energy-classic-2-300x300.png 300w, http:\/\/01renovation.com\/wp-content\/uploads\/2020\/01\/Fenetre-iglo-energy-classic-2-150x150.png 150w\" sizes=\"auto, (max-width: 520px) 100vw, 520px\" \/><figcaption class=\"blocks-gallery-item__caption\">IGLO Energy<\/figcaption><\/figure><\/li><li class=\"blocks-gallery-item\"><figure><img loading=\"lazy\" decoding=\"async\" width=\"520\" height=\"520\" src=\"http:\/\/01renovation.com\/wp-content\/uploads\/2020\/01\/Fenetre-iglo-energy-classic-3.png\" alt=\"\" data-id=\"79\" data-link=\"http:\/\/01renovation.fr\/?attachment_id=79#main\" class=\"wp-image-79\" srcset=\"http:\/\/01renovation.com\/wp-content\/uploads\/2020\/01\/Fenetre-iglo-energy-classic-3.png 520w, http:\/\/01renovation.com\/wp-content\/uploads\/2020\/01\/Fenetre-iglo-energy-classic-3-300x300.png 300w, http:\/\/01renovation.com\/wp-content\/uploads\/2020\/01\/Fenetre-iglo-energy-classic-3-150x150.png 150w\" sizes=\"auto, (max-width: 520px) 100vw, 520px\" \/><figcaption class=\"blocks-gallery-item__caption\">IGLO Energy Classic<\/figcaption><\/figure><\/li><li class=\"blocks-gallery-item\"><figure><img loading=\"lazy\" decoding=\"async\" width=\"520\" height=\"520\" src=\"http:\/\/01renovation.com\/wp-content\/uploads\/2020\/01\/Fenetre-iglo-5-1.png\" alt=\"\" data-id=\"80\" data-link=\"http:\/\/01renovation.fr\/?attachment_id=80#main\" class=\"wp-image-80\" srcset=\"http:\/\/01renovation.com\/wp-content\/uploads\/2020\/01\/Fenetre-iglo-5-1.png 520w, http:\/\/01renovation.com\/wp-content\/uploads\/2020\/01\/Fenetre-iglo-5-1-300x300.png 300w, http:\/\/01renovation.com\/wp-content\/uploads\/2020\/01\/Fenetre-iglo-5-1-150x150.png 150w\" sizes=\"auto, (max-width: 520px) 100vw, 520px\" \/><figcaption class=\"blocks-gallery-item__caption\">IGLO 5<\/figcaption><\/figure><\/li><li class=\"blocks-gallery-item\"><figure><img loading=\"lazy\" decoding=\"async\" width=\"520\" height=\"520\" src=\"http:\/\/01renovation.com\/wp-content\/uploads\/2020\/01\/Fenetre-iglo-5-classic-1.png\" alt=\"\" data-id=\"81\" data-full-url=\"http:\/\/01renovation.com\/wp-content\/uploads\/2020\/01\/Fenetre-iglo-5-classic-1.png\" data-link=\"http:\/\/01renovation.fr\/?attachment_id=81#main\" class=\"wp-image-81\" srcset=\"http:\/\/01renovation.com\/wp-content\/uploads\/2020\/01\/Fenetre-iglo-5-classic-1.png 520w, http:\/\/01renovation.com\/wp-content\/uploads\/2020\/01\/Fenetre-iglo-5-classic-1-300x300.png 300w, http:\/\/01renovation.com\/wp-content\/uploads\/2020\/01\/Fenetre-iglo-5-classic-1-150x150.png 150w\" sizes=\"auto, (max-width: 520px) 100vw, 520px\" \/><figcaption class=\"blocks-gallery-item__caption\">IGLO 5 Classic<\/figcaption><\/figure><\/li><\/ul><figcaption class=\"blocks-gallery-caption\">Fen\u00eatres PVC 01 R\u00e9novation P\u00e9ron<\/figcaption><\/figure>\n\n\n<h2 class=\"has-text-align-left wp-block-heading\">Vos fen\u00eatres PVC \u00e0 P\u00e9ron: 01 R\u00e9novation<\/h2>\n\n\n<h3 class=\"has-text-align-left wp-block-heading\">D\u00e9couvrez tous les mod\u00e8les disponibles chez votre sp\u00e9cialiste<\/h3>\n\n\n<div class=\"wp-block-media-text alignwide\"><figure class=\"wp-block-media-text__media\"><img loading=\"lazy\" decoding=\"async\" width=\"520\" height=\"520\" src=\"http:\/\/01renovation.com\/wp-content\/uploads\/2020\/01\/Fenetre-iglo-light.png\" alt=\"\" class=\"wp-image-67\" srcset=\"http:\/\/01renovation.com\/wp-content\/uploads\/2020\/01\/Fenetre-iglo-light.png 520w, http:\/\/01renovation.com\/wp-content\/uploads\/2020\/01\/Fenetre-iglo-light-300x300.png 300w, http:\/\/01renovation.com\/wp-content\/uploads\/2020\/01\/Fenetre-iglo-light-150x150.png 150w\" sizes=\"auto, (max-width: 520px) 100vw, 520px\" \/><\/figure><div class=\"wp-block-media-text__content\">\n<p class=\"has-large-font-size\">IGLO LIGHT<\/p>\n<\/div><\/div>\n\n\n<h2 class=\"wp-block-heading\">Les fen\u00eatres IGLO Light<\/h2>\n\n\n<h2 class=\"wp-block-heading\">Un design moderne, une luminosit\u00e9 maximale et d&rsquo;excellentes performances en mati\u00e8re d&rsquo;efficacit\u00e9 \u00e9nerg\u00e9tique, r\u00e9sistance au vent et perm\u00e9abilit\u00e9 \u00e0 l&rsquo;air.<\/h2>\n\n\n<ul class=\"wp-block-list\"><li><strong>Design \u00e9l\u00e9gan<\/strong>t exprim\u00e9 par les courbes fines, \u00e9troites et arrondies du profil\u00e9 con\u00e7u par Drutex et la poign\u00e9e en aluminium centrale plac\u00e9e sur un meneau mobile plus fin que les meneaux traditionnels.<\/li><li><strong>Grande luminosit\u00e9<\/strong> gr\u00e2ce aux profil\u00e9s fins et la surface vitr\u00e9e plus importante par rapport aux syst\u00e8mes traditionnels.<\/li><li>Large palette de couleurs s&rsquo;harmonisant avec votre agencement int\u00e9rieur: <strong>43 teintes de placage<\/strong> disponibles.<\/li><li><strong>Haut niveau de s\u00e9curit\u00e9<\/strong> gr\u00e2ce au profil\u00e9 de qualit\u00e9 sup\u00e9rieure \u00e0 5 chambres de classe A, fabriqu\u00e9 exclusivement \u00e0 partir de mat\u00e9riaux non recycl\u00e9s.<\/li><li><strong>R\u00e9sistance et solidit\u00e9<\/strong> de la fen\u00eatre gr\u00e2ce \u00e0 sa grande chambre de renfort en acier de conception originale et aux ferrures \u00e0 2 g\u00e2ches anti-d\u00e9gondage.<\/li><li><strong>Excellente fonctionnalit\u00e9<\/strong> gr\u00e2ce aux ferrures modernes et \u00e0 la transmission de l&rsquo;engrenage de la poign\u00e9e permettant de la placer au centre, \u00e0 l&rsquo;endroit de contact des battants &#8211; meneau mobile.<\/li><li>Excellente performance d\u2019<strong>efficacit\u00e9 \u00e9nerg\u00e9tique<\/strong> gr\u00e2ce \u00e0 la structure optimale du profil\u00e9 et au joint d\u2019\u00e9tanch\u00e9it\u00e9 en EPDM ainsi que gr\u00e2ce aux intercalaires thermiques en acier galvanis\u00e9 ou, en option, aux intercalaires innovants Swisspacer Ultimate qui permettent de r\u00e9aliser des \u00e9conomies d\u2019\u00e9nergie jusqu&rsquo;\u00e0 12%* et aux vitrages \u00e0 faible \u00e9missivit\u00e9.<\/li><\/ul>\n\n\n<div class=\"wp-block-media-text alignwide\"><figure class=\"wp-block-media-text__media\"><img loading=\"lazy\" decoding=\"async\" width=\"520\" height=\"520\" src=\"http:\/\/01renovation.com\/wp-content\/uploads\/2020\/01\/Fenetre-iglo-energy-classic.png\" alt=\"\" class=\"wp-image-75\" srcset=\"http:\/\/01renovation.com\/wp-content\/uploads\/2020\/01\/Fenetre-iglo-energy-classic.png 520w, http:\/\/01renovation.com\/wp-content\/uploads\/2020\/01\/Fenetre-iglo-energy-classic-300x300.png 300w, http:\/\/01renovation.com\/wp-content\/uploads\/2020\/01\/Fenetre-iglo-energy-classic-150x150.png 150w\" sizes=\"auto, (max-width: 520px) 100vw, 520px\" \/><\/figure><div class=\"wp-block-media-text__content\">\n<p class=\"has-large-font-size\">IGLO ENERGY<\/p>\n<\/div><\/div>\n\n\n<h2 class=\"wp-block-heading\">Les fen\u00eatres IGLO Energy<\/h2>\n\n\n<h2 class=\"wp-block-heading\">Une solution parfaite pour personnes exigeantes.<\/h2>\n\n\n<ul class=\"wp-block-list\"><li>La <strong>technologie innovante<\/strong> et la performance \u00e9nerg\u00e9tique permettent de r\u00e9duire la facture de chauffage.<\/li><li><strong>Economies d&rsquo;\u00e9nergie <\/strong>gr\u00e2ce \u00e0 la structure optimale du profil\u00e9, au joint d&rsquo;\u00e9tanch\u00e9it\u00e9 en EPDM cellulaire sp\u00e9cialement con\u00e7u et au vitrage isolant \u00e0 faible valeur de coefficient de transmission thermique.<\/li><li><strong>Design modern<\/strong> du profil\u00e9 fin et arrondi.<\/li><li><strong>Haut niveau de s\u00e9curit\u00e9<\/strong> gr\u00e2ce aux 2 g\u00e2ches anti-d\u00e9gondage dans l&rsquo;offre standard.<\/li><li>Large palette de couleurs s&rsquo;harmonisant avec votre agencement int\u00e9rieur: <strong>43 teintes de placage<\/strong> disponibles.<\/li><li>Bonnes <strong>performances d&rsquo;isolation phonique <\/strong>garantissant un confort acoustique m\u00eame dans les lieux de trafic intense.<\/li><li>Excellentes <strong>performances d&rsquo;\u00e9tanch\u00e9it\u00e9 au vent <\/strong>et \u00e0 l&rsquo;eau gr\u00e2ce au triplie joint d&rsquo;\u00e9tanch\u00e9it\u00e9.<\/li><li>Excellents param\u00e8tres de <strong>r\u00e9sistance au vent <\/strong>gr\u00e2ce \u00e0 un renforcement optimal.<\/li><\/ul>\n\n\n<div class=\"wp-block-media-text alignwide\"><figure class=\"wp-block-media-text__media\"><img loading=\"lazy\" decoding=\"async\" width=\"520\" height=\"520\" src=\"http:\/\/01renovation.com\/wp-content\/uploads\/2020\/01\/Fenetre-iglo-energy-classic-1.png\" alt=\"\" class=\"wp-image-69\" srcset=\"http:\/\/01renovation.com\/wp-content\/uploads\/2020\/01\/Fenetre-iglo-energy-classic-1.png 520w, http:\/\/01renovation.com\/wp-content\/uploads\/2020\/01\/Fenetre-iglo-energy-classic-1-300x300.png 300w, http:\/\/01renovation.com\/wp-content\/uploads\/2020\/01\/Fenetre-iglo-energy-classic-1-150x150.png 150w\" sizes=\"auto, (max-width: 520px) 100vw, 520px\" \/><\/figure><div class=\"wp-block-media-text__content\">\n<p class=\"has-large-font-size\">IGLO ENERGY CLASSIC<\/p>\n<\/div><\/div>\n\n\n<h2 class=\"wp-block-heading\">Les fen\u00eatres IGLO Energy Classic<\/h2>\n\n\n<h2 class=\"wp-block-heading\">Une solution parfaite pour personnes exigeantes.<\/h2>\n\n\n<h2 class=\"wp-block-heading\">Un design moderne, la technologie innovante et la performance \u00e9nerg\u00e9tique permettent de r\u00e9duire la facture de chauffage.<\/h2>\n\n\n<ul class=\"wp-block-list\"><li><strong>Economies d&rsquo;\u00e9nergie <\/strong>gr\u00e2ce \u00e0 la structure optimale du profil\u00e9, au joint d&rsquo;\u00e9tanch\u00e9it\u00e9 en EPDM cellulaire sp\u00e9cialement con\u00e7u et au vitrage isolant \u00e0 faible valeur de coefficient de transmission thermique.<\/li><li><strong>Design modern<\/strong> du profil\u00e9 fin et arrondi.<\/li><li><strong>Haut niveau de s\u00e9curit\u00e9<\/strong> gr\u00e2ce aux 2 g\u00e2ches anti-d\u00e9gondage dans l&rsquo;offre standard.<\/li><li>Large palette de couleurs s&rsquo;harmonisant avec votre agencement int\u00e9rieur: <strong>43 teintes de placage<\/strong> disponibles.<\/li><li>Bonnes <strong>performances d&rsquo;isolation phonique <\/strong>garantissant un confort acoustique m\u00eame dans les lieux de trafic intense.<\/li><li>Excellentes <strong>performances d&rsquo;\u00e9tanch\u00e9it\u00e9 au vent <\/strong>et \u00e0 l&rsquo;eau gr\u00e2ce au triplie joint d&rsquo;\u00e9tanch\u00e9it\u00e9.<\/li><li>Excellents param\u00e8tres de <strong>r\u00e9sistance au vent <\/strong>gr\u00e2ce \u00e0 un renforcement optimal.<\/li><\/ul>\n\n\n<div class=\"wp-block-media-text alignwide\"><figure class=\"wp-block-media-text__media\"><img loading=\"lazy\" decoding=\"async\" width=\"520\" height=\"520\" src=\"http:\/\/01renovation.com\/wp-content\/uploads\/2020\/01\/Fenetre-iglo-5.png\" alt=\"\" class=\"wp-image-74\" srcset=\"http:\/\/01renovation.com\/wp-content\/uploads\/2020\/01\/Fenetre-iglo-5.png 520w, http:\/\/01renovation.com\/wp-content\/uploads\/2020\/01\/Fenetre-iglo-5-300x300.png 300w, http:\/\/01renovation.com\/wp-content\/uploads\/2020\/01\/Fenetre-iglo-5-150x150.png 150w\" sizes=\"auto, (max-width: 520px) 100vw, 520px\" \/><\/figure><div class=\"wp-block-media-text__content\">\n<p class=\"has-large-font-size\">IGLO 5<\/p>\n<\/div><\/div>\n\n\n<h2 class=\"wp-block-heading\">IGLO 5<\/h2>\n\n\n<h2 class=\"wp-block-heading\">Tr\u00e8s bonne performance thermique \u00e0 un prix raisonnable permettant de r\u00e9duire consid\u00e9rablement les pertes de chaleur.<\/h2>\n\n\n<ul class=\"wp-block-list\"><li><strong>Design<\/strong> exprimant l\u2019<strong>innovation<\/strong> et l\u2019anticonformisme.<\/li><li><strong>Haut niveau de s\u00e9curit\u00e9<\/strong> gr\u00e2ce aux 2 g\u00e2ches anti-d\u00e9gondage dans l\u2019offre standard<\/li><li>Large <strong>palette de 43 couleur<\/strong>s de placages facilitant l\u2019agencement d\u2019int\u00e9rieur.<\/li><li> Tr\u00e8s bonne <strong>performance thermique<\/strong> permettant de r\u00e9aliser des \u00e9conomies d\u2019\u00e9nergie gr\u00e2ce \u00e0 la structure optimale et au joint en EPDM<\/li><li>Bonnes performances d\u2019<strong>isolation phonique<\/strong> garantissant un confort acoustique<\/li><\/ul>\n\n\n<div class=\"wp-block-media-text alignwide\"><figure class=\"wp-block-media-text__media\"><img loading=\"lazy\" decoding=\"async\" width=\"520\" height=\"520\" src=\"http:\/\/01renovation.com\/wp-content\/uploads\/2020\/01\/Fenetre-iglo-5-classic.png\" alt=\"\" class=\"wp-image-72\" srcset=\"http:\/\/01renovation.com\/wp-content\/uploads\/2020\/01\/Fenetre-iglo-5-classic.png 520w, http:\/\/01renovation.com\/wp-content\/uploads\/2020\/01\/Fenetre-iglo-5-classic-300x300.png 300w, http:\/\/01renovation.com\/wp-content\/uploads\/2020\/01\/Fenetre-iglo-5-classic-150x150.png 150w\" sizes=\"auto, (max-width: 520px) 100vw, 520px\" \/><\/figure><div class=\"wp-block-media-text__content\">\n<p class=\"has-large-font-size\">IGLO 5 CLASSIC<\/p>\n<\/div><\/div>\n\n\n<h2 class=\"wp-block-heading\">IGLO 5 Classic<\/h2>\n\n\n<h2 class=\"wp-block-heading\">Tr\u00e8s bonne performance thermique \u00e0 un prix raisonnable permettant de r\u00e9duire consid\u00e9rablement les pertes de chaleur.<\/h2>\n\n\n<ul class=\"wp-block-list\"><li><strong>Design<\/strong> exprimant l\u2019<strong>innovation<\/strong> et l\u2019anticonformisme.<\/li><li><strong>Haut niveau de s\u00e9curit\u00e9<\/strong> gr\u00e2ce aux 2 g\u00e2ches anti-d\u00e9gondage dans l\u2019offre standard<\/li><li>Large <strong>palette de 43 couleur<\/strong>s de placages facilitant l\u2019agencement d\u2019int\u00e9rieur.<\/li><li> Tr\u00e8s bonne <strong>performance thermique<\/strong> permettant de r\u00e9aliser des \u00e9conomies d\u2019\u00e9nergie gr\u00e2ce \u00e0 la structure optimale et au joint en EPDM<\/li><li>Bonnes performances d\u2019<strong>isolation phonique<\/strong> garantissant un confort acoustique<\/li><\/ul>\n\n\n<figure class=\"wp-block-gallery columns-1 is-cropped wp-block-gallery-2 is-layout-flex wp-block-gallery-is-layout-flex\"><ul class=\"blocks-gallery-grid\"><li class=\"blocks-gallery-item\"><figure><img loading=\"lazy\" decoding=\"async\" width=\"989\" height=\"433\" src=\"http:\/\/01renovation.com\/wp-content\/uploads\/2020\/07\/Capture-decran-2020-07-02-a-14.51.25.png\" alt=\"\" data-id=\"426\" data-link=\"http:\/\/01renovation.fr\/fenetres-pvc\/capture-decran-2020-07-02-a-14-51-25\/#main\" class=\"wp-image-426\" srcset=\"http:\/\/01renovation.com\/wp-content\/uploads\/2020\/07\/Capture-decran-2020-07-02-a-14.51.25.png 989w, http:\/\/01renovation.com\/wp-content\/uploads\/2020\/07\/Capture-decran-2020-07-02-a-14.51.25-300x131.png 300w, http:\/\/01renovation.com\/wp-content\/uploads\/2020\/07\/Capture-decran-2020-07-02-a-14.51.25-768x336.png 768w\" sizes=\"auto, (max-width: 989px) 100vw, 989px\" \/><\/figure><\/li><li class=\"blocks-gallery-item\"><figure><img loading=\"lazy\" decoding=\"async\" width=\"992\" height=\"422\" src=\"http:\/\/01renovation.com\/wp-content\/uploads\/2020\/07\/Capture-decran-2020-07-02-a-14.51.42.png\" alt=\"\" data-id=\"427\" data-full-url=\"http:\/\/01renovation.com\/wp-content\/uploads\/2020\/07\/Capture-decran-2020-07-02-a-14.51.42.png\" data-link=\"http:\/\/01renovation.fr\/fenetres-pvc\/capture-decran-2020-07-02-a-14-51-42\/#main\" class=\"wp-image-427\" srcset=\"http:\/\/01renovation.com\/wp-content\/uploads\/2020\/07\/Capture-decran-2020-07-02-a-14.51.42.png 992w, http:\/\/01renovation.com\/wp-content\/uploads\/2020\/07\/Capture-decran-2020-07-02-a-14.51.42-300x128.png 300w, http:\/\/01renovation.com\/wp-content\/uploads\/2020\/07\/Capture-decran-2020-07-02-a-14.51.42-768x327.png 768w\" sizes=\"auto, (max-width: 992px) 100vw, 992px\" \/><\/figure><\/li><\/ul><\/figure>\n\n\n<p><span style=\"font-size: 24pt;\">Large choix de teintes ci-dessus.<\/span><\/p>\n<p><span style=\"font-size: 24pt;\">Possibilit\u00e9 de couleurs nuancier RAL sur commande.<\/span><\/p>\n\n\n<h2 class=\"wp-block-heading\">Nous contacter :<\/h2>\n\n\n<h2 class=\"wp-block-heading\"><a href=\"mailto:info.01renovation@gmail.com\" target=\"_blank\" rel=\"noreferrer noopener\">info.01renovation@gmail.com<\/a><\/h2>\n\n\n<h2 class=\"wp-block-heading\"><br \/>We speak english &#8211; Wir sprechen deutsch&nbsp;\u200b\u200b<\/h2>\n\n\n<h2 class=\"wp-block-heading\">+33 (0)4 50 56 39 26  ou<\/h2>\n\n\n<h2 class=\"wp-block-heading\"> +33 (0)6 28 33 55 22<\/h2>\n\n\n<p><\/p>\n","protected":false},"excerpt":{"rendered":"<p>Vos fen\u00eatres PVC \u00e0 P\u00e9ron: 01 R\u00e9novation D\u00e9couvrez tous les mod\u00e8les disponibles chez votre sp\u00e9cialiste IGLO LIGHT Les fen\u00eatres IGLO Light Un design moderne, une luminosit\u00e9 maximale et d&rsquo;excellentes performances en mati\u00e8re d&rsquo;efficacit\u00e9 \u00e9nerg\u00e9tique, r\u00e9sistance au vent et perm\u00e9abilit\u00e9 \u00e0 l&rsquo;air. Design \u00e9l\u00e9gant exprim\u00e9 par les courbes fines, \u00e9troites et arrondies du profil\u00e9 con\u00e7u par<\/p>\n<p class=\"more-link\"><a href=\"http:\/\/01renovation.com\/?page_id=63\" class=\"themebutton\">Read More<\/a><\/p>\n","protected":false},"author":1,"featured_media":0,"parent":0,"menu_order":1,"comment_status":"closed","ping_status":"closed","template":"","meta":{"footnotes":""},"class_list":["post-63","page","type-page","status-publish","hentry"],"_links":{"self":[{"href":"http:\/\/01renovation.com\/index.php?rest_route=\/wp\/v2\/pages\/63","targetHints":{"allow":["GET"]}}],"collection":[{"href":"http:\/\/01renovation.com\/index.php?rest_route=\/wp\/v2\/pages"}],"about":[{"href":"http:\/\/01renovation.com\/index.php?rest_route=\/wp\/v2\/types\/page"}],"author":[{"embeddable":true,"href":"http:\/\/01renovation.com\/index.php?rest_route=\/wp\/v2\/users\/1"}],"replies":[{"embeddable":true,"href":"http:\/\/01renovation.com\/index.php?rest_route=%2Fwp%2Fv2%2Fcomments&post=63"}],"version-history":[{"count":0,"href":"http:\/\/01renovation.com\/index.php?rest_route=\/wp\/v2\/pages\/63\/revisions"}],"wp:attachment":[{"href":"http:\/\/01renovation.com\/index.php?rest_route=%2Fwp%2Fv2%2Fmedia&parent=63"}],"curies":[{"name":"wp","href":"https:\/\/api.w.org\/{rel}","templated":true}]}}