{"id":211,"date":"2020-01-23T16:47:53","date_gmt":"2020-01-23T15:47:53","guid":{"rendered":"http:\/\/01renovation.fr\/?page_id=211"},"modified":"2020-01-23T16:47:53","modified_gmt":"2020-01-23T15:47:53","slug":"portes-interieures","status":"publish","type":"page","link":"http:\/\/01renovation.com\/?page_id=211","title":{"rendered":"PORTES INTERIEURES"},"content":{"rendered":"\n<p>Vos portes int\u00e9rieures en bois \u00e0 P\u00e9ron<\/p>\n\n\n<p>Des cr\u00e9ations sur-mesure pour tous vos besoins : 01 R\u00e9novation<\/p>\n\n\n<figure class=\"wp-block-image is-resized\"><img loading=\"lazy\" decoding=\"async\" src=\"http:\/\/01renovation.com\/wp-content\/uploads\/2020\/01\/portes-interieurs1.jpg\" alt=\"\" class=\"wp-image-212\" width=\"915\" height=\"1044\" srcset=\"http:\/\/01renovation.com\/wp-content\/uploads\/2020\/01\/portes-interieurs1.jpg 602w, http:\/\/01renovation.com\/wp-content\/uploads\/2020\/01\/portes-interieurs1-263x300.jpg 263w\" sizes=\"auto, (max-width: 915px) 100vw, 915px\" \/><\/figure>\n\n\n<figure class=\"wp-block-image size-large is-resized\"><img loading=\"lazy\" decoding=\"async\" src=\"http:\/\/01renovation.com\/wp-content\/uploads\/2020\/01\/portes-interieurs2.jpg\" alt=\"\" class=\"wp-image-213\" width=\"911\" height=\"1039\" srcset=\"http:\/\/01renovation.com\/wp-content\/uploads\/2020\/01\/portes-interieurs2.jpg 602w, http:\/\/01renovation.com\/wp-content\/uploads\/2020\/01\/portes-interieurs2-263x300.jpg 263w\" sizes=\"auto, (max-width: 911px) 100vw, 911px\" \/><\/figure>\n\n\n<figure class=\"wp-block-image size-large is-resized\"><img loading=\"lazy\" decoding=\"async\" src=\"http:\/\/01renovation.com\/wp-content\/uploads\/2020\/01\/portes-interieurs3.jpg\" alt=\"\" class=\"wp-image-214\" width=\"903\" height=\"1031\" srcset=\"http:\/\/01renovation.com\/wp-content\/uploads\/2020\/01\/portes-interieurs3.jpg 602w, http:\/\/01renovation.com\/wp-content\/uploads\/2020\/01\/portes-interieurs3-263x300.jpg 263w\" sizes=\"auto, (max-width: 903px) 100vw, 903px\" \/><\/figure>\n\n\n<figure class=\"wp-block-image size-large is-resized\"><img loading=\"lazy\" decoding=\"async\" src=\"http:\/\/01renovation.com\/wp-content\/uploads\/2020\/01\/portes-interieurs4.jpg\" alt=\"\" class=\"wp-image-215\" width=\"887\" height=\"1014\" srcset=\"http:\/\/01renovation.com\/wp-content\/uploads\/2020\/01\/portes-interieurs4.jpg 602w, http:\/\/01renovation.com\/wp-content\/uploads\/2020\/01\/portes-interieurs4-263x300.jpg 263w\" sizes=\"auto, (max-width: 887px) 100vw, 887px\" \/><\/figure>\n\n\n<figure class=\"wp-block-image size-large is-resized\"><img loading=\"lazy\" decoding=\"async\" src=\"http:\/\/01renovation.com\/wp-content\/uploads\/2020\/01\/portes-interieurs5.jpg\" alt=\"\" class=\"wp-image-216\" width=\"881\" height=\"1006\" srcset=\"http:\/\/01renovation.com\/wp-content\/uploads\/2020\/01\/portes-interieurs5.jpg 602w, http:\/\/01renovation.com\/wp-content\/uploads\/2020\/01\/portes-interieurs5-263x300.jpg 263w\" sizes=\"auto, (max-width: 881px) 100vw, 881px\" \/><\/figure>\n\n\n<figure class=\"wp-block-image size-large is-resized\"><img loading=\"lazy\" decoding=\"async\" src=\"http:\/\/01renovation.com\/wp-content\/uploads\/2020\/01\/portes-interieurs6.jpg\" alt=\"\" class=\"wp-image-217\" width=\"872\" height=\"996\" srcset=\"http:\/\/01renovation.com\/wp-content\/uploads\/2020\/01\/portes-interieurs6.jpg 602w, http:\/\/01renovation.com\/wp-content\/uploads\/2020\/01\/portes-interieurs6-263x300.jpg 263w\" sizes=\"auto, (max-width: 872px) 100vw, 872px\" \/><\/figure>\n\n\n<figure class=\"wp-block-image size-large is-resized\"><img loading=\"lazy\" decoding=\"async\" src=\"http:\/\/01renovation.com\/wp-content\/uploads\/2020\/01\/portes-interieurs7.jpg\" alt=\"\" class=\"wp-image-218\" width=\"865\" height=\"988\" srcset=\"http:\/\/01renovation.com\/wp-content\/uploads\/2020\/01\/portes-interieurs7.jpg 602w, http:\/\/01renovation.com\/wp-content\/uploads\/2020\/01\/portes-interieurs7-263x300.jpg 263w\" sizes=\"auto, (max-width: 865px) 100vw, 865px\" \/><\/figure>\n\n\n<figure class=\"wp-block-image size-large is-resized\"><img loading=\"lazy\" decoding=\"async\" src=\"http:\/\/01renovation.com\/wp-content\/uploads\/2020\/01\/portes-interieurs-modif1.jpg\" alt=\"\" class=\"wp-image-219\" width=\"855\" height=\"485\" srcset=\"http:\/\/01renovation.com\/wp-content\/uploads\/2020\/01\/portes-interieurs-modif1.jpg 602w, http:\/\/01renovation.com\/wp-content\/uploads\/2020\/01\/portes-interieurs-modif1-300x170.jpg 300w\" sizes=\"auto, (max-width: 855px) 100vw, 855px\" \/><\/figure>\n\n\n<figure class=\"wp-block-image size-large is-resized\"><img loading=\"lazy\" decoding=\"async\" src=\"http:\/\/01renovation.com\/wp-content\/uploads\/2020\/01\/portes-interieurs-modif2.jpg\" alt=\"\" class=\"wp-image-220\" width=\"844\" height=\"479\" srcset=\"http:\/\/01renovation.com\/wp-content\/uploads\/2020\/01\/portes-interieurs-modif2.jpg 602w, http:\/\/01renovation.com\/wp-content\/uploads\/2020\/01\/portes-interieurs-modif2-300x170.jpg 300w\" sizes=\"auto, (max-width: 844px) 100vw, 844px\" \/><\/figure>\n\n\n<figure class=\"wp-block-image size-large is-resized\"><img loading=\"lazy\" decoding=\"async\" src=\"http:\/\/01renovation.com\/wp-content\/uploads\/2020\/01\/portes-interieurs-modif3.jpg\" alt=\"\" class=\"wp-image-221\" width=\"831\" height=\"471\" srcset=\"http:\/\/01renovation.com\/wp-content\/uploads\/2020\/01\/portes-interieurs-modif3.jpg 602w, http:\/\/01renovation.com\/wp-content\/uploads\/2020\/01\/portes-interieurs-modif3-300x170.jpg 300w\" sizes=\"auto, (max-width: 831px) 100vw, 831px\" \/><\/figure>\n\n\n<figure class=\"wp-block-image size-large is-resized\"><img loading=\"lazy\" decoding=\"async\" src=\"http:\/\/01renovation.com\/wp-content\/uploads\/2020\/01\/portes-interieurs-modif4.jpg\" alt=\"\" class=\"wp-image-222\" width=\"820\" height=\"465\" srcset=\"http:\/\/01renovation.com\/wp-content\/uploads\/2020\/01\/portes-interieurs-modif4.jpg 602w, http:\/\/01renovation.com\/wp-content\/uploads\/2020\/01\/portes-interieurs-modif4-300x170.jpg 300w\" sizes=\"auto, (max-width: 820px) 100vw, 820px\" \/><\/figure>\n\n\n<figure class=\"wp-block-image size-large is-resized\"><img loading=\"lazy\" decoding=\"async\" src=\"http:\/\/01renovation.com\/wp-content\/uploads\/2020\/01\/portes-interieurs-modif5.jpg\" alt=\"\" class=\"wp-image-223\" width=\"809\" height=\"459\" srcset=\"http:\/\/01renovation.com\/wp-content\/uploads\/2020\/01\/portes-interieurs-modif5.jpg 602w, http:\/\/01renovation.com\/wp-content\/uploads\/2020\/01\/portes-interieurs-modif5-300x170.jpg 300w\" sizes=\"auto, (max-width: 809px) 100vw, 809px\" \/><\/figure>\n\n\n<figure class=\"wp-block-image size-large is-resized\"><img loading=\"lazy\" decoding=\"async\" src=\"http:\/\/01renovation.com\/wp-content\/uploads\/2020\/01\/portes-interieurs-modif6.jpg\" alt=\"\" class=\"wp-image-224\" width=\"791\" height=\"843\" srcset=\"http:\/\/01renovation.com\/wp-content\/uploads\/2020\/01\/portes-interieurs-modif6.jpg 577w, http:\/\/01renovation.com\/wp-content\/uploads\/2020\/01\/portes-interieurs-modif6-281x300.jpg 281w\" sizes=\"auto, (max-width: 791px) 100vw, 791px\" \/><\/figure>\n\n\n<figure class=\"wp-block-image size-large is-resized\"><img loading=\"lazy\" decoding=\"async\" src=\"http:\/\/01renovation.com\/wp-content\/uploads\/2020\/01\/portes-interieurs-modif9.jpg\" alt=\"\" class=\"wp-image-226\" width=\"875\" height=\"496\" srcset=\"http:\/\/01renovation.com\/wp-content\/uploads\/2020\/01\/portes-interieurs-modif9.jpg 602w, http:\/\/01renovation.com\/wp-content\/uploads\/2020\/01\/portes-interieurs-modif9-300x170.jpg 300w\" sizes=\"auto, (max-width: 875px) 100vw, 875px\" \/><\/figure>\n\n\n<p><a href=\"mailto:info.01renovation@gmail.com\">info.01renovation@gmail.com<\/a><\/p>\n","protected":false},"excerpt":{"rendered":"<p>Vos portes int\u00e9rieures en bois \u00e0 P\u00e9ron Des cr\u00e9ations sur-mesure pour tous vos besoins : 01 R\u00e9novation info.01renovation@gmail.com<\/p>\n","protected":false},"author":1,"featured_media":0,"parent":0,"menu_order":6,"comment_status":"closed","ping_status":"closed","template":"","meta":{"footnotes":""},"class_list":["post-211","page","type-page","status-publish","hentry"],"_links":{"self":[{"href":"http:\/\/01renovation.com\/index.php?rest_route=\/wp\/v2\/pages\/211","targetHints":{"allow":["GET"]}}],"collection":[{"href":"http:\/\/01renovation.com\/index.php?rest_route=\/wp\/v2\/pages"}],"about":[{"href":"http:\/\/01renovation.com\/index.php?rest_route=\/wp\/v2\/types\/page"}],"author":[{"embeddable":true,"href":"http:\/\/01renovation.com\/index.php?rest_route=\/wp\/v2\/users\/1"}],"replies":[{"embeddable":true,"href":"http:\/\/01renovation.com\/index.php?rest_route=%2Fwp%2Fv2%2Fcomments&post=211"}],"version-history":[{"count":0,"href":"http:\/\/01renovation.com\/index.php?rest_route=\/wp\/v2\/pages\/211\/revisions"}],"wp:attachment":[{"href":"http:\/\/01renovation.com\/index.php?rest_route=%2Fwp%2Fv2%2Fmedia&parent=211"}],"curies":[{"name":"wp","href":"https:\/\/api.w.org\/{rel}","templated":true}]}}