{"id":192,"date":"2020-01-23T16:22:37","date_gmt":"2020-01-23T15:22:37","guid":{"rendered":"http:\/\/01renovation.fr\/?page_id=192"},"modified":"2021-05-20T19:40:48","modified_gmt":"2021-05-20T17:40:48","slug":"contact","status":"publish","type":"page","link":"http:\/\/01renovation.com\/?page_id=192","title":{"rendered":"CONTACT"},"content":{"rendered":"\n<h2 class=\"wp-block-heading\">Vente et installation de portes, de fen\u00eatres et d\u2019escaliers \u00e0 P\u00e9ron dans le Pays de Gex<\/h2>\n\n\n\n<h2 class=\"wp-block-heading\">105 rue de Pr\u00e9 Munny 01630 P\u00e9ron<\/h2>\n\n\n\n<h2 class=\"wp-block-heading\">04 50 56 39 26<\/h2>\n\n\n\n<h2 class=\"wp-block-heading\">06 28 33 55 22<\/h2>\n\n\n\n<p><a rel=\"noreferrer noopener\" href=\"mailto:info.01renovation@gmail.com\" target=\"_blank\">info.01renovation@gmail.com<\/a><\/p>\n\n\n\n<p class=\"wpcf7-contact-form-not-found\"><strong>Erreur\u00a0:<\/strong> Formulaire de contact non trouv\u00e9\u00a0!<\/p>\n\n\n\n<figure class=\"wp-block-image size-large is-resized\"><img loading=\"lazy\" decoding=\"async\" src=\"http:\/\/01renovation.com\/wp-content\/uploads\/2020\/01\/01-RENOVATION-bandeau-modif3-1024x323.jpg\" alt=\"\" class=\"wp-image-193\" width=\"971\" height=\"305\" srcset=\"http:\/\/01renovation.com\/wp-content\/uploads\/2020\/01\/01-RENOVATION-bandeau-modif3-1024x323.jpg 1024w, http:\/\/01renovation.com\/wp-content\/uploads\/2020\/01\/01-RENOVATION-bandeau-modif3-300x95.jpg 300w, http:\/\/01renovation.com\/wp-content\/uploads\/2020\/01\/01-RENOVATION-bandeau-modif3-768x242.jpg 768w, http:\/\/01renovation.com\/wp-content\/uploads\/2020\/01\/01-RENOVATION-bandeau-modif3-1536x484.jpg 1536w, http:\/\/01renovation.com\/wp-content\/uploads\/2020\/01\/01-RENOVATION-bandeau-modif3-1200x378.jpg 1200w, http:\/\/01renovation.com\/wp-content\/uploads\/2020\/01\/01-RENOVATION-bandeau-modif3.jpg 1920w\" sizes=\"auto, (max-width: 971px) 100vw, 971px\" \/><\/figure>\n\n\n\n<h2 class=\"wp-block-heading\">RENDEZ NOUS VISITE AU SHOW ROOM 01RENOVATION A PERON.<\/h2>\n\n\n\n<figure class=\"wp-block-image size-large\"><img decoding=\"async\" src=\"http:\/\/01renovation.com\/wp-content\/uploads\/2020\/01\/plan-d-acces-01renovation-1-1024x576.jpg\" alt=\"\" class=\"wp-image-203\"\/><\/figure>\n\n\n\n<h2 class=\"wp-block-heading\">Vente et installation de portes, de fen\u00eatres et d\u2019escaliers \u00e0 P\u00e9ron dans le Pays de Gex<\/h2>\n\n\n\n<h2 class=\"wp-block-heading\">105 rue de Pr\u00e9 Munny 01630 P\u00e9ron<\/h2>\n\n\n\n<h2 class=\"wp-block-heading\">04 50 56 39 26<\/h2>\n\n\n\n<h2 class=\"wp-block-heading\">06 28 33 55 22<\/h2>\n\n\n\n<p><a rel=\"noreferrer noopener\" href=\"mailto:info.01renovation@gmail.com\" target=\"_blank\">info.01renovation@gmail.com<\/a><\/p>\n\n\n\n<h2 class=\"wp-block-heading\">Confidentialit\u00e9 des donn\u00e9es personnelles<\/h2>\n\n\n\n<p>Afin de traiter votre demande, 01RENOVATION devra effectuer un traitement des donn\u00e9es personnelles vous concernant. Les donn\u00e9es sont conserv\u00e9es pendant 2 ans \u00e0 compter de notre dernier contact et sont destin\u00e9es exclusivement \u00e0 01RENOVATION, elles ne seront pas transmises \u00e0 des tiers.<\/p>\n\n\n\n<p>Conform\u00e9ment \u00e0 la loi Informatique et Libert\u00e9s du 6 janvier 1978 modifi\u00e9e, vous b\u00e9n\u00e9ficiez d\u2019un droit d\u2019acc\u00e8s et de rectification des donn\u00e9es vous concernant, d\u2019un droit d\u2019opposition pour motifs l\u00e9gitimes, d\u2019un droit \u00e0 l\u2019effacement des donn\u00e9es. Vous disposez \u00e9galement d\u2019un droit \u00e0 la r\u00e9cup\u00e9ration et \u00e0 la portabilit\u00e9 des donn\u00e9es dans certains cas sp\u00e9cifiquement pr\u00e9vus par la loi.<\/p>\n","protected":false},"excerpt":{"rendered":"<p>Vente et installation de portes, de fen\u00eatres et d\u2019escaliers \u00e0 P\u00e9ron dans le Pays de Gex 105 rue de Pr\u00e9 Munny 01630 P\u00e9ron 04 50 56 39 26 06 28 33 55 22 info.01renovation@gmail.com RENDEZ NOUS VISITE AU SHOW ROOM 01RENOVATION A PERON. Vente et installation de portes, de fen\u00eatres et d\u2019escaliers \u00e0 P\u00e9ron dans<\/p>\n<p class=\"more-link\"><a href=\"http:\/\/01renovation.com\/?page_id=192\" class=\"themebutton\">Read More<\/a><\/p>\n","protected":false},"author":1,"featured_media":0,"parent":0,"menu_order":8,"comment_status":"closed","ping_status":"closed","template":"","meta":{"footnotes":""},"class_list":["post-192","page","type-page","status-publish","hentry"],"_links":{"self":[{"href":"http:\/\/01renovation.com\/index.php?rest_route=\/wp\/v2\/pages\/192","targetHints":{"allow":["GET"]}}],"collection":[{"href":"http:\/\/01renovation.com\/index.php?rest_route=\/wp\/v2\/pages"}],"about":[{"href":"http:\/\/01renovation.com\/index.php?rest_route=\/wp\/v2\/types\/page"}],"author":[{"embeddable":true,"href":"http:\/\/01renovation.com\/index.php?rest_route=\/wp\/v2\/users\/1"}],"replies":[{"embeddable":true,"href":"http:\/\/01renovation.com\/index.php?rest_route=%2Fwp%2Fv2%2Fcomments&post=192"}],"version-history":[{"count":2,"href":"http:\/\/01renovation.com\/index.php?rest_route=\/wp\/v2\/pages\/192\/revisions"}],"predecessor-version":[{"id":534,"href":"http:\/\/01renovation.com\/index.php?rest_route=\/wp\/v2\/pages\/192\/revisions\/534"}],"wp:attachment":[{"href":"http:\/\/01renovation.com\/index.php?rest_route=%2Fwp%2Fv2%2Fmedia&parent=192"}],"curies":[{"name":"wp","href":"https:\/\/api.w.org\/{rel}","templated":true}]}}