{"id":147,"date":"2020-01-21T18:47:03","date_gmt":"2020-01-21T17:47:03","guid":{"rendered":"http:\/\/01renovation.fr\/?page_id=147"},"modified":"2020-01-21T18:47:03","modified_gmt":"2020-01-21T17:47:03","slug":"escaliers-avec-balustres-mains-courantes-et-poteaux-a-peron","status":"publish","type":"page","link":"http:\/\/01renovation.com\/?page_id=147","title":{"rendered":"BALUSTRES, POTEAUX, MAINS COURANTES"},"content":{"rendered":"\n<h2 class=\"wp-block-heading\">Choisissez parmi les diff\u00e9rents articles de vos professionnels 01RENOVATION.<\/h2>\n\n\n<h2 class=\"wp-block-heading\">Fournisseurs et installateurs de menuiserie \u00e0 P\u00e9ron et \u00e0 30km autour, notre entreprise vous propose la vente et la pose de balustres d&rsquo;escaliers en bois.<\/h2>\n\n\n<h2 class=\"wp-block-heading\">Notre \u00e9quipe vous accueille, vous conseille et vous assure des prestations soign\u00e9es.<\/h2>\n\n\n<div class=\"wp-block-group alignwide\"><div class=\"wp-block-group__inner-container is-layout-flow wp-block-group-is-layout-flow\">\n<figure class=\"wp-block-gallery columns-2 is-cropped wp-block-gallery-1 is-layout-flex wp-block-gallery-is-layout-flex\"><ul class=\"blocks-gallery-grid\"><li class=\"blocks-gallery-item\"><figure><img loading=\"lazy\" decoding=\"async\" width=\"510\" height=\"768\" src=\"http:\/\/01renovation.com\/wp-content\/uploads\/2020\/06\/CPH0709.jpg\" alt=\"\" data-id=\"401\" data-link=\"http:\/\/01renovation.fr\/escaliers-avec-balustres-mains-courantes-et-poteaux-a-peron\/cph0709\/#main\" class=\"wp-image-401\" srcset=\"http:\/\/01renovation.com\/wp-content\/uploads\/2020\/06\/CPH0709.jpg 510w, http:\/\/01renovation.com\/wp-content\/uploads\/2020\/06\/CPH0709-199x300.jpg 199w\" sizes=\"auto, (max-width: 510px) 100vw, 510px\" \/><\/figure><\/li><li class=\"blocks-gallery-item\"><figure><img loading=\"lazy\" decoding=\"async\" width=\"1024\" height=\"680\" src=\"http:\/\/01renovation.com\/wp-content\/uploads\/2020\/06\/CPH6025.jpg\" alt=\"\" data-id=\"402\" data-link=\"http:\/\/01renovation.fr\/escaliers-avec-balustres-mains-courantes-et-poteaux-a-peron\/cph6025\/#main\" class=\"wp-image-402\" srcset=\"http:\/\/01renovation.com\/wp-content\/uploads\/2020\/06\/CPH6025.jpg 1024w, http:\/\/01renovation.com\/wp-content\/uploads\/2020\/06\/CPH6025-300x199.jpg 300w, http:\/\/01renovation.com\/wp-content\/uploads\/2020\/06\/CPH6025-768x510.jpg 768w\" sizes=\"auto, (max-width: 1024px) 100vw, 1024px\" \/><\/figure><\/li><\/ul><\/figure>\n<\/div><\/div>\n\n\n<h2 class=\"wp-block-heading\">BALUSTRES<\/h2>\n\n\n<h2 class=\"wp-block-heading\">Les balustres rajoutent \u00e0 votre escalier en bois un c\u00f4t\u00e9 esth\u00e9tique incomparable. De l\u2019\u00e9l\u00e9gance, du design et de la s\u00e9curit\u00e9.<\/h2>\n\n\n<h2 class=\"wp-block-heading\">Avec 01 R\u00e9novation \u00e0 P\u00e9ron, nous mettons \u00e0 votre disposition une large gamme de balustres. Des classiques en bois et des contemporains avec des mat\u00e9riaux mixtes. N&rsquo;h\u00e9sitez pas \u00e0 choisir parmi les diff\u00e9rents articles disponibles. Que vous ayez des pr\u00e9f\u00e9rences pour le classique, le design ou la renaissance, nous vous proposons un large panel de choix.<\/h2>\n\n\n<figure class=\"wp-block-image size-large\"><img loading=\"lazy\" decoding=\"async\" width=\"1024\" height=\"576\" src=\"http:\/\/01renovation.com\/wp-content\/uploads\/2020\/06\/01renovations-balustres-1-4-1024x576.jpg\" alt=\"\" class=\"wp-image-388\" srcset=\"http:\/\/01renovation.com\/wp-content\/uploads\/2020\/06\/01renovations-balustres-1-4-1024x576.jpg 1024w, http:\/\/01renovation.com\/wp-content\/uploads\/2020\/06\/01renovations-balustres-1-4-300x169.jpg 300w, http:\/\/01renovation.com\/wp-content\/uploads\/2020\/06\/01renovations-balustres-1-4-768x432.jpg 768w, http:\/\/01renovation.com\/wp-content\/uploads\/2020\/06\/01renovations-balustres-1-4-1200x675.jpg 1200w, http:\/\/01renovation.com\/wp-content\/uploads\/2020\/06\/01renovations-balustres-1-4.jpg 1500w\" sizes=\"auto, (max-width: 1024px) 100vw, 1024px\" \/><\/figure>\n\n\n<figure class=\"wp-block-image size-large\"><img loading=\"lazy\" decoding=\"async\" width=\"1024\" height=\"576\" src=\"http:\/\/01renovation.com\/wp-content\/uploads\/2020\/06\/01renovations-balustres-2-1-1024x576.jpg\" alt=\"\" class=\"wp-image-389\" srcset=\"http:\/\/01renovation.com\/wp-content\/uploads\/2020\/06\/01renovations-balustres-2-1-1024x576.jpg 1024w, http:\/\/01renovation.com\/wp-content\/uploads\/2020\/06\/01renovations-balustres-2-1-300x169.jpg 300w, http:\/\/01renovation.com\/wp-content\/uploads\/2020\/06\/01renovations-balustres-2-1-768x432.jpg 768w, http:\/\/01renovation.com\/wp-content\/uploads\/2020\/06\/01renovations-balustres-2-1-1200x675.jpg 1200w, http:\/\/01renovation.com\/wp-content\/uploads\/2020\/06\/01renovations-balustres-2-1.jpg 1500w\" sizes=\"auto, (max-width: 1024px) 100vw, 1024px\" \/><\/figure>\n\n\n<figure class=\"wp-block-image size-large\"><img loading=\"lazy\" decoding=\"async\" width=\"1024\" height=\"576\" src=\"http:\/\/01renovation.com\/wp-content\/uploads\/2020\/06\/01renovations-balustres-3-1-1024x576.jpg\" alt=\"\" class=\"wp-image-390\" srcset=\"http:\/\/01renovation.com\/wp-content\/uploads\/2020\/06\/01renovations-balustres-3-1-1024x576.jpg 1024w, http:\/\/01renovation.com\/wp-content\/uploads\/2020\/06\/01renovations-balustres-3-1-300x169.jpg 300w, http:\/\/01renovation.com\/wp-content\/uploads\/2020\/06\/01renovations-balustres-3-1-768x432.jpg 768w, http:\/\/01renovation.com\/wp-content\/uploads\/2020\/06\/01renovations-balustres-3-1-1200x675.jpg 1200w, http:\/\/01renovation.com\/wp-content\/uploads\/2020\/06\/01renovations-balustres-3-1.jpg 1500w\" sizes=\"auto, (max-width: 1024px) 100vw, 1024px\" \/><\/figure>\n\n\n<h2 class=\"wp-block-heading\">POTEAUX<\/h2>\n\n\n<h2 class=\"wp-block-heading\">Faciles \u00e0 installer et \u00e0 entretenir, les poteaux sont peu couteux et vous garantissent des montages faciles et rapides.<\/h2>\n\n\n<h2 class=\"wp-block-heading\">Ils peuvent se rajouter sur un escalier d\u00e9j\u00e0 existant et peuvent \u00eates personnalisables.<\/h2>\n\n\n<h2 class=\"wp-block-heading\">Notre entreprise de vente et de pose de menuiserie vous propose une large gamme de poteaux pour escaliers.<\/h2>\n\n\n<h2 class=\"wp-block-heading\">Nous vous en proposons diff\u00e9rentes formes, dimensions et tailles. Nous vous assurons un accompagnement de A \u00e0 Z. <\/h2>\n\n\n<figure class=\"wp-block-image size-large\"><img loading=\"lazy\" decoding=\"async\" width=\"1024\" height=\"576\" src=\"http:\/\/01renovation.com\/wp-content\/uploads\/2020\/06\/01renovations-poteaux-1-1-1024x576.jpg\" alt=\"\" class=\"wp-image-394\" srcset=\"http:\/\/01renovation.com\/wp-content\/uploads\/2020\/06\/01renovations-poteaux-1-1-1024x576.jpg 1024w, http:\/\/01renovation.com\/wp-content\/uploads\/2020\/06\/01renovations-poteaux-1-1-300x169.jpg 300w, http:\/\/01renovation.com\/wp-content\/uploads\/2020\/06\/01renovations-poteaux-1-1-768x432.jpg 768w, http:\/\/01renovation.com\/wp-content\/uploads\/2020\/06\/01renovations-poteaux-1-1-1200x675.jpg 1200w, http:\/\/01renovation.com\/wp-content\/uploads\/2020\/06\/01renovations-poteaux-1-1.jpg 1500w\" sizes=\"auto, (max-width: 1024px) 100vw, 1024px\" \/><\/figure>\n\n\n<figure class=\"wp-block-image size-large\"><img loading=\"lazy\" decoding=\"async\" width=\"1024\" height=\"576\" src=\"http:\/\/01renovation.com\/wp-content\/uploads\/2020\/06\/01renovations-poteaux-2-1024x576.jpg\" alt=\"\" class=\"wp-image-395\" srcset=\"http:\/\/01renovation.com\/wp-content\/uploads\/2020\/06\/01renovations-poteaux-2-1024x576.jpg 1024w, http:\/\/01renovation.com\/wp-content\/uploads\/2020\/06\/01renovations-poteaux-2-300x169.jpg 300w, http:\/\/01renovation.com\/wp-content\/uploads\/2020\/06\/01renovations-poteaux-2-768x432.jpg 768w, http:\/\/01renovation.com\/wp-content\/uploads\/2020\/06\/01renovations-poteaux-2-1200x675.jpg 1200w, http:\/\/01renovation.com\/wp-content\/uploads\/2020\/06\/01renovations-poteaux-2.jpg 1500w\" sizes=\"auto, (max-width: 1024px) 100vw, 1024px\" \/><\/figure>\n\n\n<figure class=\"wp-block-image size-large\"><img loading=\"lazy\" decoding=\"async\" width=\"1024\" height=\"576\" src=\"http:\/\/01renovation.com\/wp-content\/uploads\/2020\/06\/01renovations-poteaux-3-1024x576.jpg\" alt=\"\" class=\"wp-image-396\" srcset=\"http:\/\/01renovation.com\/wp-content\/uploads\/2020\/06\/01renovations-poteaux-3-1024x576.jpg 1024w, http:\/\/01renovation.com\/wp-content\/uploads\/2020\/06\/01renovations-poteaux-3-300x169.jpg 300w, http:\/\/01renovation.com\/wp-content\/uploads\/2020\/06\/01renovations-poteaux-3-768x432.jpg 768w, http:\/\/01renovation.com\/wp-content\/uploads\/2020\/06\/01renovations-poteaux-3-1200x675.jpg 1200w, http:\/\/01renovation.com\/wp-content\/uploads\/2020\/06\/01renovations-poteaux-3.jpg 1500w\" sizes=\"auto, (max-width: 1024px) 100vw, 1024px\" \/><\/figure>\n\n\n<h2 class=\"wp-block-heading\">MAINS COURANTES<\/h2>\n\n\n<h2 class=\"wp-block-heading\">Faciles \u00e0 installer et \u00e0 entretenir, les <strong>mains courantes<\/strong> pour escaliers sont peu couteuses et vous garantissent des montages faciles et rapides.<\/h2>\n\n\n<h2 class=\"wp-block-heading\">Elles peuvent se rajouter sur un escalier d\u00e9j\u00e0 existant et peuvent \u00eates <strong>personnalisables<\/strong>. <\/h2>\n\n\n<h2 class=\"wp-block-heading\">Notre entreprise de vente et de pose de menuiserie vous propose une <strong>large gamme<\/strong> de mains courantes pour escaliers.<\/h2>\n\n\n<h2 class=\"wp-block-heading\">Nous vous en proposons diff\u00e9rentes formes, dimensions et tailles. Nous vous assurons un accompagnement de A \u00e0 Z.<\/h2>\n\n\n<h2 class=\"wp-block-heading\">Pour toute demande de renseignements, veuillez nous prendre <a href=\"http:\/\/01renovation.fr\/contact\/\">contact<\/a> avec nous.<\/h2>\n\n\n<figure class=\"wp-block-image\"><img loading=\"lazy\" decoding=\"async\" width=\"1024\" height=\"576\" src=\"http:\/\/01renovation.com\/wp-content\/uploads\/2020\/06\/01renovations-mains-courantes-1024x576.jpg\" alt=\"\" class=\"wp-image-398\" srcset=\"http:\/\/01renovation.com\/wp-content\/uploads\/2020\/06\/01renovations-mains-courantes-1024x576.jpg 1024w, http:\/\/01renovation.com\/wp-content\/uploads\/2020\/06\/01renovations-mains-courantes-300x169.jpg 300w, http:\/\/01renovation.com\/wp-content\/uploads\/2020\/06\/01renovations-mains-courantes-768x432.jpg 768w, http:\/\/01renovation.com\/wp-content\/uploads\/2020\/06\/01renovations-mains-courantes-1200x675.jpg 1200w, http:\/\/01renovation.com\/wp-content\/uploads\/2020\/06\/01renovations-mains-courantes.jpg 1500w\" sizes=\"auto, (max-width: 1024px) 100vw, 1024px\" \/><\/figure>\n\n\n<figure class=\"wp-block-image size-large\"><img loading=\"lazy\" decoding=\"async\" width=\"1024\" height=\"576\" src=\"http:\/\/01renovation.com\/wp-content\/uploads\/2020\/06\/01renovations-essences-1-1024x576.jpg\" alt=\"\" class=\"wp-image-407\" srcset=\"http:\/\/01renovation.com\/wp-content\/uploads\/2020\/06\/01renovations-essences-1-1024x576.jpg 1024w, http:\/\/01renovation.com\/wp-content\/uploads\/2020\/06\/01renovations-essences-1-300x169.jpg 300w, http:\/\/01renovation.com\/wp-content\/uploads\/2020\/06\/01renovations-essences-1-768x432.jpg 768w, http:\/\/01renovation.com\/wp-content\/uploads\/2020\/06\/01renovations-essences-1-1200x675.jpg 1200w, http:\/\/01renovation.com\/wp-content\/uploads\/2020\/06\/01renovations-essences-1.jpg 1500w\" sizes=\"auto, (max-width: 1024px) 100vw, 1024px\" \/><\/figure>\n\n\n<h2 class=\"wp-block-heading\">Autres <strong>essences  ou teintes de bois<\/strong>, \u00e0  voir au show room.<\/h2>\n\n\n<p><a href=\"mailto:info@01renovation.com\">info@01renovation.com<\/a><\/p>\n","protected":false},"excerpt":{"rendered":"<p>Choisissez parmi les diff\u00e9rents articles de vos professionnels 01RENOVATION. Fournisseurs et installateurs de menuiserie \u00e0 P\u00e9ron et \u00e0 30km autour, notre entreprise vous propose la vente et la pose de balustres d&rsquo;escaliers en bois. Notre \u00e9quipe vous accueille, vous conseille et vous assure des prestations soign\u00e9es. BALUSTRES Les balustres rajoutent \u00e0 votre escalier en bois<\/p>\n<p class=\"more-link\"><a href=\"http:\/\/01renovation.com\/?page_id=147\" class=\"themebutton\">Read More<\/a><\/p>\n","protected":false},"author":1,"featured_media":0,"parent":0,"menu_order":5,"comment_status":"closed","ping_status":"closed","template":"","meta":{"footnotes":""},"class_list":["post-147","page","type-page","status-publish","hentry"],"_links":{"self":[{"href":"http:\/\/01renovation.com\/index.php?rest_route=\/wp\/v2\/pages\/147","targetHints":{"allow":["GET"]}}],"collection":[{"href":"http:\/\/01renovation.com\/index.php?rest_route=\/wp\/v2\/pages"}],"about":[{"href":"http:\/\/01renovation.com\/index.php?rest_route=\/wp\/v2\/types\/page"}],"author":[{"embeddable":true,"href":"http:\/\/01renovation.com\/index.php?rest_route=\/wp\/v2\/users\/1"}],"replies":[{"embeddable":true,"href":"http:\/\/01renovation.com\/index.php?rest_route=%2Fwp%2Fv2%2Fcomments&post=147"}],"version-history":[{"count":0,"href":"http:\/\/01renovation.com\/index.php?rest_route=\/wp\/v2\/pages\/147\/revisions"}],"wp:attachment":[{"href":"http:\/\/01renovation.com\/index.php?rest_route=%2Fwp%2Fv2%2Fmedia&parent=147"}],"curies":[{"name":"wp","href":"https:\/\/api.w.org\/{rel}","templated":true}]}}